{"id":82594,"date":"2025-02-24T05:58:09","date_gmt":"2025-02-24T04:58:09","guid":{"rendered":"https:\/\/www.myspecialdoctor.it\/%e5%85%a5%e5%a2%83%e8%b4%a6%e6%88%b7\/%e6%b3%a8%e5%86%8c%e4%bb%98%e6%ac%be\/"},"modified":"2025-02-24T05:58:31","modified_gmt":"2025-02-24T04:58:31","slug":"%e6%b3%a8%e5%86%8c%e4%bb%98%e6%ac%be","status":"publish","type":"page","link":"https:\/\/www.myspecialdoctor.it\/zh-hans\/%e5%85%a5%e5%a2%83%e8%b4%a6%e6%88%b7\/%e6%b3%a8%e5%86%8c%e4%bb%98%e6%ac%be\/","title":{"rendered":"\u6ce8\u518c\u4ed8\u6b3e"},"content":{"rendered":"\t\t<div data-elementor-type=\"wp-page\" data-elementor-id=\"82594\" class=\"elementor elementor-82594 elementor-1288\" data-elementor-post-type=\"page\">\n\t\t\t\t\t\t<section class=\"elementor-section elementor-top-section elementor-element elementor-element-7f1c2ff elementor-section-height-min-height elementor-section-items-stretch elementor-section-boxed elementor-section-height-default\" data-id=\"7f1c2ff\" data-element_type=\"section\">\n\t\t\t\t\t\t<div class=\"elementor-container elementor-column-gap-default\">\n\t\t\t\t\t<div class=\"elementor-column elementor-col-100 elementor-top-column elementor-element elementor-element-200202d\" data-id=\"200202d\" data-element_type=\"column\" data-settings=\"{&quot;background_background&quot;:&quot;classic&quot;}\">\n\t\t\t<div class=\"elementor-widget-wrap elementor-element-populated\">\n\t\t\t\t\t\t<div class=\"elementor-element elementor-element-7641645 elementor-widget elementor-widget-heading\" data-id=\"7641645\" data-element_type=\"widget\" data-widget_type=\"heading.default\">\n\t\t\t\t<div class=\"elementor-widget-container\">\n\t\t\t\t\t<h2 class=\"elementor-heading-title elementor-size-default\">\u6ce8\u518c\u540e\uff0c\u60a8\u5c06\u53ef\u4ee5\u8bbf\u95ee\u4ec5\u4f9b\u533b\u7597\u4fdd\u5065\u4eba\u5458\u4f7f\u7528\u7684\u533a\u57df\uff0c\u5e76\u586b\u5199\u60a8\u7684\u4e2a\u4eba\u8d44\u6599\u548c\u8d26\u5355\u6570\u636e\u3002<\/h2>\t\t\t\t<\/div>\n\t\t\t\t<\/div>\n\t\t\t\t<div class=\"elementor-element elementor-element-7ff82c5 elementor-widget elementor-widget-spacer\" data-id=\"7ff82c5\" data-element_type=\"widget\" data-widget_type=\"spacer.default\">\n\t\t\t\t<div class=\"elementor-widget-container\">\n\t\t\t\t\t\t\t<div class=\"elementor-spacer\">\n\t\t\t<div class=\"elementor-spacer-inner\"><\/div>\n\t\t<\/div>\n\t\t\t\t\t\t<\/div>\n\t\t\t\t<\/div>\n\t\t\t\t\t<\/div>\n\t\t<\/div>\n\t\t\t\t\t<\/div>\n\t\t<\/section>\n\t\t\t\t<section class=\"elementor-section elementor-top-section elementor-element elementor-element-dbfaa3e elementor-section-boxed elementor-section-height-default elementor-section-height-default\" data-id=\"dbfaa3e\" data-element_type=\"section\">\n\t\t\t\t\t\t<div class=\"elementor-container elementor-column-gap-default\">\n\t\t\t\t\t<div class=\"elementor-column elementor-col-100 elementor-top-column elementor-element elementor-element-39393f2\" data-id=\"39393f2\" data-element_type=\"column\" data-settings=\"{&quot;background_background&quot;:&quot;classic&quot;}\">\n\t\t\t<div class=\"elementor-widget-wrap elementor-element-populated\">\n\t\t\t\t\t\t<div class=\"elementor-element elementor-element-32064755 elementor-widget elementor-widget-text-editor\" data-id=\"32064755\" data-element_type=\"widget\" data-widget_type=\"text-editor.default\">\n\t\t\t\t<div class=\"elementor-widget-container\">\n\t\t\t\t\t\t\t\t\t[pmpro_checkout]\t\t\t\t\t\t\t\t<\/div>\n\t\t\t\t<\/div>\n\t\t\t\t<div class=\"elementor-element elementor-element-9afa6e9 elementor-widget elementor-widget-shortcode\" data-id=\"9afa6e9\" data-element_type=\"widget\" data-widget_type=\"shortcode.default\">\n\t\t\t\t<div class=\"elementor-widget-container\">\n\t\t\t\t\t\t\t<div class=\"elementor-shortcode\"><script>\r\nconst queryString = window.location.search;\r\nconst urlParams = new URLSearchParams(queryString);\r\nconst level = urlParams.get('level');\r\n\r\nif(level != null && level == 1){\r\n    \r\n    document.querySelector(\"#pmpro_pricing_fields > div\").style.display = \"none\";\r\n    \r\n}\r\nelse if (level != null && level == 2){\r\n    document.querySelector(\"#other_discount_code\").value = \"83A6D09CD0\";\r\n    \r\n     var para = document.createElement(\"P\");\r\n    para.innerHTML = \"Sconto promozionale del 48% per sempre.<br>Dopo 12 mesi sar\u00e0 possibile disdire in qualsiasi momento<br>l'abbonamento tramite l'invio di una semplice mail.<br>Approfitta subito della promozione,<br> \u20ac 26 anzich\u00e9 \u20ac 48 al mese per sempre!\";\r\n    \r\n    document.querySelector(\"#other_discount_code_tr\").appendChild(para);\r\n    \r\n}\r\nelse if (level != null && level == 3){\r\n    document.querySelector(\"#other_discount_code\").value = \"AAE8E86B33\";\r\n    \r\n    var para = document.createElement(\"P\");\r\n    para.innerHTML = \"Sconto promozionale del 48% per sempre.<br>Dopo 12 mesi sar\u00e0 possibile disdire in qualsiasi momento<br>l'abbonamento tramite l'invio di una semplice mail.<br>Approfitta subito della promozione,<br> \u20ac 39 anzich\u00e9 \u20ac 75 al mese per sempre!\";\r\n    \r\n    document.querySelector(\"#other_discount_code_tr\").appendChild(para);\r\n}\r\nelse{\r\n    \r\n}\r\n<\/script>\r\n\r\n<script>\r\n\r\ndocument.querySelector(\"#other_discount_code\").addEventListener(\"change\", myScript);\r\nfunction myScript() {\r\n    var codice = document.querySelector(\"#other_discount_code\").value;\r\n    \r\n    if (codice == \"DB5291831C\"){\r\n         document.querySelector(\"#other_discount_code_tr > p\").innerHTML = \"Sconto promozionale del 30% per sempre.<br>Dopo 12 mesi sar\u00e0 possibile disdire in qualsiasi momento<br>l'abbonamento tramite l'invio di una semplice mail.<br>Approfitta subito della promozione,<br> \u20ac 34 anzich\u00e9 \u20ac 48 al mese per sempre!\";\r\n}\r\n\r\nelse if (codice == \"2847E7AB81\" || codice == \"B721B48917\" || codice == \"6EA334CE88\" || codice == \"45DB5461A1\" || codice == \"AED318A656\" || codice == \"A42EB9E7EA\" || codice == \"D6E18F7806\"){\r\n         document.querySelector(\"#other_discount_code_tr > p\").innerHTML = \"Prova gratis per 6 mesi la piattaforma,<br>poi decidi se confermare il tuo abbonamento scontato.<br>Sar\u00e0 possibile disdire in qualsiasi momento<br>l'abbonamento tramite l'invio di una semplice mail.\";\r\n}\r\nelse if (codice == \"1C666ADA77\" || codice == \"33F044C60B\" || codice == \"37281604A4\" || codice == \"A95AC6F95F\" || codice == \"C50964E7C9\" || codice == \"B00AC061DB\" || codice == \"6D501E5264\"){\r\n         document.querySelector(\"#other_discount_code_tr > p\").innerHTML = \"Prova gratis per 12 mesi la piattaforma,<br>poi decidi se confermare il tuo abbonamento scontato.<br>Sar\u00e0 possibile disdire in qualsiasi momento<br>l'abbonamento tramite l'invio di una semplice mail.\";\r\n}\r\nelse if (codice == \"federicoii-100\" || codice == \"adifii-100\"){\r\n         document.querySelector(\"#other_discount_code_tr > p\").innerHTML = \"Sconto promozionale del 100%<br>Entra in Myspecialdoctor\";\r\n         var bottone = document.getElementById('pmpro_btn-submit');\r\n         bottone.value = 'Iscriviti';\r\n}\r\nelse if (codice == \"D0D1A1C98A\"){\r\n         document.querySelector(\"#other_discount_code_tr > p\").innerHTML = \"Prova i risultati di My Special Doctor per 12 mesi<br>pagandone solo 3.<br>Sar\u00e0 possibile disdire in qualsiasi momento<br>l'abbonamento tramite l'invio di una semplice mail.\";\r\n}\r\nelse if (codice == \"D8D3F8333C\"){\r\n         document.querySelector(\"#other_discount_code_tr > p\").innerHTML = \"Ti \u00e8 stato regalato un abbonamento gratuito a<br>My Special Doctor della validit\u00e0 di 36 mesi.<br>Salvo disdetta, l'abbonamento gratuito verr\u00e0 rinnovato alla scadenza.\";\r\n}\r\nif (codice == \"4E81DE5B29\"){\r\n         document.querySelector(\"#other_discount_code_tr > p\").innerHTML = \"Sconto promozionale del 30% per sempre.<br>Dopo 12 mesi sar\u00e0 possibile disdire in qualsiasi momento<br>l'abbonamento tramite l'invio di una semplice mail.<br>Approfitta subito della promozione,<br> \u20ac 53 anzich\u00e9 \u20ac 75 al mese per sempre!\";\r\n}\r\n\r\nelse if (codice == \"BFFA7B82F0\"){\r\n         document.querySelector(\"#other_discount_code_tr > p\").innerHTML = \"Prova gratis per 6 mesi la piattaforma,<br>poi decidi se confermare il tuo abbonamento scontato.<br>Sar\u00e0 possibile disdire in qualsiasi momento<br>l'abbonamento tramite l'invio di una semplice mail.\";\r\n}\r\nelse if (codice == \"EBB2717C9D\"){\r\n         document.querySelector(\"#other_discount_code_tr > p\").innerHTML = \"Prova gratis per 12 mesi la piattaforma,<br>poi decidi se confermare il tuo abbonamento scontato.<br>Sar\u00e0 possibile disdire in qualsiasi momento<br>l'abbonamento tramite l'invio di una semplice mail.\";\r\n}\r\nelse if (codice == \"181242058D\"){\r\n         document.querySelector(\"#other_discount_code_tr > p\").innerHTML = \"Prova i risultati di My Special Doctor per 12 mesi<br>pagandone solo 3.<br>Sar\u00e0 possibile disdire in qualsiasi momento<br>l'abbonamento tramite l'invio di una semplice mail.\";\r\n}\r\nelse if (codice == \"5C3AEDF275\"){\r\n         document.querySelector(\"#other_discount_code_tr > p\").innerHTML = \"Ti \u00e8 stato regalato un abbonamento gratuito a<br>My Special Doctor della validit\u00e0 di 36 mesi.<br>Salvo disdetta, l'abbonamento gratuito verr\u00e0 rinnovato alla scadenza.\";\r\n}\r\nelse if (codice == \"boardscientifico\"){\r\n         document.querySelector(\"#other_discount_code_tr > p\").innerHTML = \"Gentile professionista, facendo parte del Board Scientifico le \u00e8 stato offerto un abbonamento gratuito a My Special Doctor della validit\u00e0 di 12 mesi.\";\r\n}\r\n\r\nelse{}\r\n\r\n    }\r\n<\/script><\/div>\n\t\t\t\t\t\t<\/div>\n\t\t\t\t<\/div>\n\t\t\t\t\t<\/div>\n\t\t<\/div>\n\t\t\t\t\t<\/div>\n\t\t<\/section>\n\t\t\t\t<\/div>\n\t\t","protected":false},"excerpt":{"rendered":"<p>\u6ce8\u518c\u540e\uff0c\u60a8\u5c06\u53ef\u4ee5\u8bbf\u95ee\u4ec5\u4f9b\u533b\u7597\u4fdd\u5065\u4eba\u5458\u4f7f\u7528 &#8230; <a title=\"\u6ce8\u518c\u4ed8\u6b3e\" class=\"read-more\" href=\"https:\/\/www.myspecialdoctor.it\/zh-hans\/%e5%85%a5%e5%a2%83%e8%b4%a6%e6%88%b7\/%e6%b3%a8%e5%86%8c%e4%bb%98%e6%ac%be\/\" aria-label=\"\u9605\u8bfb \u6ce8\u518c\u4ed8\u6b3e\">\u9605\u8bfb\u66f4\u591a<\/a><\/p>\n","protected":false},"author":1,"featured_media":0,"parent":82590,"menu_order":0,"comment_status":"closed","ping_status":"closed","template":"elementor_header_footer","meta":{"_seopress_robots_primary_cat":"","_seopress_titles_title":"","_seopress_titles_desc":"","_seopress_robots_index":"","_coblocks_attr":"","_coblocks_dimensions":"","_coblocks_responsive_height":"","_coblocks_accordion_ie_support":"","pmpro_default_level":0,"footnotes":""},"page_types":[],"class_list":{"0":"post-82594","1":"page","2":"type-page","3":"status-publish","5":"pmpro-has-access"},"acf":[],"_links":{"self":[{"href":"https:\/\/www.myspecialdoctor.it\/zh-hans\/wp-json\/wp\/v2\/pages\/82594"}],"collection":[{"href":"https:\/\/www.myspecialdoctor.it\/zh-hans\/wp-json\/wp\/v2\/pages"}],"about":[{"href":"https:\/\/www.myspecialdoctor.it\/zh-hans\/wp-json\/wp\/v2\/types\/page"}],"author":[{"embeddable":true,"href":"https:\/\/www.myspecialdoctor.it\/zh-hans\/wp-json\/wp\/v2\/users\/1"}],"replies":[{"embeddable":true,"href":"https:\/\/www.myspecialdoctor.it\/zh-hans\/wp-json\/wp\/v2\/comments?post=82594"}],"version-history":[{"count":1,"href":"https:\/\/www.myspecialdoctor.it\/zh-hans\/wp-json\/wp\/v2\/pages\/82594\/revisions"}],"predecessor-version":[{"id":82595,"href":"https:\/\/www.myspecialdoctor.it\/zh-hans\/wp-json\/wp\/v2\/pages\/82594\/revisions\/82595"}],"up":[{"embeddable":true,"href":"https:\/\/www.myspecialdoctor.it\/zh-hans\/wp-json\/wp\/v2\/pages\/82590"}],"wp:attachment":[{"href":"https:\/\/www.myspecialdoctor.it\/zh-hans\/wp-json\/wp\/v2\/media?parent=82594"}],"wp:term":[{"taxonomy":"page_types","embeddable":true,"href":"https:\/\/www.myspecialdoctor.it\/zh-hans\/wp-json\/wp\/v2\/page_types?post=82594"}],"curies":[{"name":"wp","href":"https:\/\/api.w.org\/{rel}","templated":true}]}}