{"id":37032,"date":"2023-05-10T04:21:58","date_gmt":"2023-05-10T02:21:58","guid":{"rendered":"https:\/\/www.myspecialdoctor.it\/?post_type=product&#038;p=37032"},"modified":"2023-05-10T04:23:35","modified_gmt":"2023-05-10T02:23:35","slug":"aie-027-siero-labbra-naturalmente-ricco","status":"publish","type":"product","link":"https:\/\/www.myspecialdoctor.it\/zh-hans\/prodotto\/aie-027-siero-labbra-naturalmente-ricco\/","title":{"rendered":"AIE 027 SIERO, LABBRA, NATURALMENTE, RICCO"},"content":{"rendered":"<p>Ingredienti:<\/p>\n<p>Acqua, succo di foglie di Aloe Barbadensis, acqua di foglie\/vapore di Cistus Ladaniferus, profumo, trigliceridi caprilici\/caprici, estratto di fiore di Spilanthes Acmella, glicerina, glicoproteine, estratto di corteccia di Salix Nigra, sorbato di potassio, acqua di Cistus, acido ialuronico sodico.<\/p>\n","protected":false},"excerpt":{"rendered":"<p>Il siero labbra aie 027 Naturally Rich, Of Course idrata, energizza e dona alle labbra un aspetto liscio e naturalmente voluminoso. Il vege-collagene stimola la produzione di collagene delle tue labbra, migliorando e aumentando il loro volume.<\/p>\n<p>Questo prodotto \u00e8 stato ispirato da Emma G., il nostro Nordic Business Lead. Inizialmente \u00e8 stato progettato per le labbra trattate, per renderle pi\u00f9 morbide e piene. Nel nostro gruppo di test WOW abbiamo avuto utenti con labbra trattate e non trattate, e abbiamo scoperto che \u00e8 perfetto anche per labbra non trattate. Provalo tu stesso e noterai la differenza.<\/p>\n","protected":false},"featured_media":37033,"template":"","meta":{"_seopress_robots_primary_cat":"none","_seopress_titles_title":"","_seopress_titles_desc":"","_seopress_robots_index":"","_coblocks_attr":"","_coblocks_dimensions":"","_coblocks_responsive_height":"","_coblocks_accordion_ie_support":"","pmpro_default_level":0},"product_brand":[],"product_cat":[1868],"product_tag":[],"class_list":{"0":"post-37032","1":"product","2":"type-product","3":"status-publish","4":"has-post-thumbnail","6":"product_cat-aie-cosmetics","7":"sales-flash-overlay","8":"woocommerce-text-align-center","9":"woocommerce-image-align-center","10":"do-quantity-buttons","11":"pmpro-has-access","13":"first","14":"instock","15":"shipping-taxable","16":"purchasable","17":"product-type-simple"},"acf":[],"_links":{"self":[{"href":"https:\/\/www.myspecialdoctor.it\/zh-hans\/wp-json\/wp\/v2\/product\/37032"}],"collection":[{"href":"https:\/\/www.myspecialdoctor.it\/zh-hans\/wp-json\/wp\/v2\/product"}],"about":[{"href":"https:\/\/www.myspecialdoctor.it\/zh-hans\/wp-json\/wp\/v2\/types\/product"}],"wp:featuredmedia":[{"embeddable":true,"href":"https:\/\/www.myspecialdoctor.it\/zh-hans\/wp-json\/wp\/v2\/media\/37033"}],"wp:attachment":[{"href":"https:\/\/www.myspecialdoctor.it\/zh-hans\/wp-json\/wp\/v2\/media?parent=37032"}],"wp:term":[{"taxonomy":"product_brand","embeddable":true,"href":"https:\/\/www.myspecialdoctor.it\/zh-hans\/wp-json\/wp\/v2\/product_brand?post=37032"},{"taxonomy":"product_cat","embeddable":true,"href":"https:\/\/www.myspecialdoctor.it\/zh-hans\/wp-json\/wp\/v2\/product_cat?post=37032"},{"taxonomy":"product_tag","embeddable":true,"href":"https:\/\/www.myspecialdoctor.it\/zh-hans\/wp-json\/wp\/v2\/product_tag?post=37032"}],"curies":[{"name":"wp","href":"https:\/\/api.w.org\/{rel}","templated":true}]}}